{"id":5771,"date":"2023-10-30T07:40:14","date_gmt":"2023-10-30T13:40:14","guid":{"rendered":"https:\/\/unmgp.gob.gt\/es\/?page_id=5771"},"modified":"2025-09-18T10:44:16","modified_gmt":"2025-09-18T16:44:16","slug":"quienes-somos","status":"publish","type":"page","link":"https:\/\/unmgp.gob.gt\/es\/quienes-somos\/","title":{"rendered":"Filosof\u00eda Ministerial"},"content":{"rendered":"<div class=\"wpb-content-wrapper\"><p>[vc_row][vc_column][vc_empty_space height=\u00bb50px\u00bb][\/vc_column][vc_column]<div class=\"dt-fancy-separator h2-size style-dashed title-color accent-border-color\" style=\"width: 100%;\"><div class=\"dt-fancy-title bg-on\"><span class=\"separator-holder separator-left\"><\/span>MINISTERIO DE GOBERNACI\u00d3N<span class=\"separator-holder separator-right\"><\/span><\/div><\/div>[vc_empty_space][vc_empty_space][vc_separator color=\u00bbblack\u00bb border_width=\u00bb3&#8243; css=\u00bb\u00bb][\/vc_column][\/vc_row][vc_row][vc_column width=\u00bb1\/2&#8243;]<div class=\"dt-fancy-separator h2-size style-dashed title-color accent-border-color\" style=\"width: 100%;\"><div class=\"dt-fancy-title bg-on\"><span class=\"separator-holder separator-left\"><\/span>Visi\u00f3n<span class=\"separator-holder separator-right\"><\/span><\/div><\/div>[vc_empty_space height=\u00bb20px\u00bb][vc_column_text css=\u00bb\u00bb]<\/p>\n<p style=\"text-align: justify;\">Ser en el a\u00f1o 2032, un Ministerio resiliente, profesional, transparente y tecnol\u00f3gico, comprometido con la seguridad democr\u00e1tica y la paz en Guatemala. Ser reconocido por la poblaci\u00f3n como una entidad honesta, confiable y cercana.<\/p>\n<p>[\/vc_column_text][\/vc_column][vc_column width=\u00bb1\/2&#8243;]<div class=\"dt-fancy-separator h2-size style-dashed title-color accent-border-color\" style=\"width: 100%;\"><div class=\"dt-fancy-title bg-on\"><span class=\"separator-holder separator-left\"><\/span>Misi\u00f3n<span class=\"separator-holder separator-right\"><\/span><\/div><\/div>[vc_empty_space height=\u00bb20px\u00bb][vc_column_text css=\u00bb\u00bb]<\/p>\n<p style=\"text-align: justify;\">Nuestra misi\u00f3n es contribuir a la gobernabilidad, salvaguardar la seguridad interior, prevenir y combatir el crimen para proteger a la poblaci\u00f3n y sus bienes, manteniendo la paz, asegurando el cumplimiento de la ley, garantizando un entorno seguro en el marco de los derechos humanos.<\/p>\n<p>[\/vc_column_text][\/vc_column][\/vc_row][vc_row][vc_column][vc_separator color=\u00bbblack\u00bb border_width=\u00bb3&#8243; css=\u00bb\u00bb]<div class=\"dt-fancy-separator h2-size style-dashed title-color accent-border-color\" style=\"width: 100%;\"><div class=\"dt-fancy-title bg-on\"><span class=\"separator-holder separator-left\"><\/span>Valores Institucionales<span class=\"separator-holder separator-right\"><\/span><\/div><\/div>[vc_empty_space][vc_tta_accordion][vc_tta_section title=\u00bbA) Honestidad\u00bb tab_id=\u00bb1756755763646-ec43acf5-d576&#8243;][vc_row_inner][vc_column_inner][vc_column_text css=\u00bb\u00bb]Actuar con coherencia entre los pensamientos, palabras y acciones, de manera justa y transparente, procurando la verdad en todas las situaciones.[\/vc_column_text][\/vc_column_inner][\/vc_row_inner][\/vc_tta_section][vc_tta_section title=\u00bbB) Integridad:\u00bb tab_id=\u00bb1756756023840-95e99156-6e4d\u00bb][vc_row_inner][vc_column_inner][vc_column_text css=\u00bb\u00bb]Virtud inherente para tomar decisiones y actuar en observancia de los preceptos y normas establecidas, independientemente de la supervisi\u00f3n o rendici\u00f3n de cuentas a la que se encuentre sujeta la persona.[\/vc_column_text][\/vc_column_inner][\/vc_row_inner][\/vc_tta_section][vc_tta_section title=\u00bbC) Compromiso:\u00bb tab_id=\u00bb1756756022021-3ca35cf7-e953&#8243;][vc_row_inner][vc_column_inner][vc_column_text css=\u00bb\u00bb]V\u00ednculo que se asume para garantizar que las decisiones, procesos y uso de recursos sean dirigidos al desarrollo pleno de las funciones encomendadas, para proveer servicios p\u00fablicos de calidad a la poblaci\u00f3n.[\/vc_column_text][\/vc_column_inner][\/vc_row_inner][\/vc_tta_section][\/vc_tta_accordion][vc_empty_space height=\u00bb75px\u00bb][\/vc_column][\/vc_row][vc_row][vc_column][vc_separator color=\u00bbblack\u00bb border_width=\u00bb3&#8243; css=\u00bb\u00bb]<div class=\"dt-fancy-separator h2-size style-dashed title-color accent-border-color\" style=\"width: 100%;\"><div class=\"dt-fancy-title bg-on\"><span class=\"separator-holder separator-left\"><\/span>Principios \u00c9ticos<span class=\"separator-holder separator-right\"><\/span><\/div><\/div>[vc_empty_space][vc_column_text css=\u00bb\u00bb]Los Principios \u00e9ticos<strong>\u00a0<\/strong>son fundamentales en el fomento de una cultura \u00e9tica en las personas que laboran y prestan sus servicios en el Ministerio de Gobernaci\u00f3n y sus Dependencias, para lo cual se establecen los siguientes:[\/vc_column_text][vc_tta_accordion][vc_tta_section title=\u00bbA) Responsabilidad\u00bb tab_id=\u00bb1756756933858-b9056d27-bd96&#8243;][vc_row_inner][vc_column_inner][vc_column_text css=\u00bb\u00bb]Promover la eficiencia y eficacia en el uso del tiempo, los recursos y las herramientas que se encuentran a disposici\u00f3n, siempre en funci\u00f3n de alcanzar los objetivos institucionales y cumplir los fines del Estado.[\/vc_column_text][\/vc_column_inner][\/vc_row_inner][\/vc_tta_section][vc_tta_section title=\u00bbB) Vocaci\u00f3n de servicio:\u00bb tab_id=\u00bb1756756933910-b241b081-25ac\u00bb][vc_row_inner][vc_column_inner][vc_column_text css=\u00bb\u00bb]Desarrollar las funciones o la prestaci\u00f3n de servicios con actitud respetuosa, solidaria, cort\u00e9s, emp\u00e1tica, tolerante, educada y paciente hacia todas las personas.[\/vc_column_text][\/vc_column_inner][\/vc_row_inner][\/vc_tta_section][vc_tta_section title=\u00bbC) Transparencia:\u00bb tab_id=\u00bb1756756933962-9a2fc957-bfee\u00bb][vc_row_inner][vc_column_inner][vc_column_text css=\u00bb\u00bb]Privilegiar la m\u00e1xima publicidad de la informaci\u00f3n p\u00fablica y atender el derecho que tiene la poblaci\u00f3n de acceder a conocer los actos, procedimientos y decisiones de la administraci\u00f3n p\u00fablica, seg\u00fan lo dispuesto en las leyes sobre la materia.[\/vc_column_text][\/vc_column_inner][\/vc_row_inner][\/vc_tta_section][vc_tta_section title=\u00bbD) Pertinencia cultural:\u00bb tab_id=\u00bb1756756934009-86bfa89c-8e1d\u00bb][vc_row_inner][vc_column_inner][vc_column_text css=\u00bb\u00bb]Incorporar un enfoque intercultural en el desarrollo de las funciones o prestaci\u00f3n de servicios p\u00fablicos; lo cual implica tener en cuenta y ajustarse a las caracter\u00edsticas que identifican a los pueblos maya, xinka, gar\u00edfuna y mestizo, respectivamente[\/vc_column_text][\/vc_column_inner][\/vc_row_inner][\/vc_tta_section][vc_tta_section title=\u00bbE) No discriminaci\u00f3n:\u00bb tab_id=\u00bb1756756934055-a288aa12-6145&#8243;][vc_row_inner][vc_column_inner][vc_column_text css=\u00bb\u00bb]Garantizar que todas las personas y grupos de personas sean tratadas sin distinci\u00f3n, exclusi\u00f3n, restricci\u00f3n o preferencia arbitraria que les dificulte o impida el reconocimiento, goce o ejercicio de sus derechos en condiciones de igualdad. En especial, debe evitarse la discriminaci\u00f3n basada en motivos de g\u00e9nero, identidad cultural, etnia, idioma, edad, religi\u00f3n, ideolog\u00eda, situaci\u00f3n socioecon\u00f3mica, condici\u00f3n f\u00edsica, estado civil o nacionalidad.[\/vc_column_text][\/vc_column_inner][\/vc_row_inner][\/vc_tta_section][vc_tta_section title=\u00bbF) Prudencia:\u00bb tab_id=\u00bb1756756934107-62313ff4-a950&#8243;][vc_row_inner][vc_column_inner][vc_column_text css=\u00bb\u00bb]Actuar con cautela, sensatez y sentido com\u00fan; absteni\u00e9ndose de conductas que sea previsible que causar\u00e1n da\u00f1o a la instituci\u00f3n o a las personas que reciben sus servicios.[\/vc_column_text][\/vc_column_inner][\/vc_row_inner][\/vc_tta_section][vc_tta_section title=\u00bbG) Primac\u00eda del bien com\u00fan:\u00bb tab_id=\u00bb1756756934167-1f4f2f01-638a\u00bb][vc_row_inner][vc_column_inner][vc_column_text css=\u00bb\u00bb]Atender los mandatos constitucionales de que el fin supremo del Estado es la realizaci\u00f3n del bien com\u00fan y que el inter\u00e9s social prevalece sobre el inter\u00e9s particular.[\/vc_column_text][\/vc_column_inner][\/vc_row_inner][\/vc_tta_section][vc_tta_section title=\u00bbH) Adaptaci\u00f3n:\u00bb tab_id=\u00bb1756756934221-f65aee20-85b9&#8243;][vc_row_inner][vc_column_inner][vc_column_text css=\u00bb\u00bb]Disposici\u00f3n de actualizar las pol\u00edticas, pr\u00e1cticas, normativas y procedimientos, de tal manera que permitan adecuarse a las necesidades de la poblaci\u00f3n y contribuir a su desarrollo.[\/vc_column_text][\/vc_column_inner][\/vc_row_inner][\/vc_tta_section][vc_tta_section title=\u00bbI) Armon\u00eda:\u00bb tab_id=\u00bb1756756934270-b3b7325e-2cfa\u00bb][vc_row_inner][vc_column_inner][vc_column_text css=\u00bb\u00bb]Desarrollar acciones que promuevan o faciliten el equilibrio y el entendimiento con la poblaci\u00f3n.[\/vc_column_text][\/vc_column_inner][\/vc_row_inner][\/vc_tta_section][vc_tta_section title=\u00bbJ) Legalidad:\u00bb tab_id=\u00bb1756756934326-6ae8cc08-8bbb\u00bb][vc_row_inner][vc_column_inner][vc_column_text css=\u00bb\u00bb]Desempe\u00f1ar las funciones o la prestaci\u00f3n de servicios en el marco de las normas jur\u00eddicas vigentes y aplicables en cada caso, sean de car\u00e1cter constitucional, legal, reglamentario o internacional.[\/vc_column_text][\/vc_column_inner][\/vc_row_inner][\/vc_tta_section][vc_tta_section title=\u00bbK) Imparcialidad:\u00bb tab_id=\u00bb1756756934378-300f16ec-7a24&#8243;][vc_row_inner][vc_column_inner][vc_column_text css=\u00bb\u00bb]Desempe\u00f1ar las funciones o la prestaci\u00f3n de servicios de manera ecu\u00e1nime y objetiva, sin prejuicios y sin someterse a influencias, intereses o presiones que perjudiquen la independencia de criterio.[\/vc_column_text][\/vc_column_inner][\/vc_row_inner][\/vc_tta_section][vc_tta_section title=\u00bbL) Celeridad:\u00bb tab_id=\u00bb1756756934431-d3e6828e-94bf\u00bb][vc_row_inner][vc_column_inner][vc_column_text css=\u00bb\u00bb]Desarrollar las acciones o tareas en tiempos que sean razonables de acuerdo con la naturaleza de las atribuciones establecidas en la ley, y que permitan atender adecuadamente las necesidades de la poblaci\u00f3n a las que van dirigidas tales acciones o tareas.[\/vc_column_text][\/vc_column_inner][\/vc_row_inner][\/vc_tta_section][\/vc_tta_accordion][vc_empty_space height=\u00bb75px\u00bb][\/vc_column][\/vc_row]<\/p>\n<\/div>","protected":false},"excerpt":{"rendered":"<p>[vc_row][vc_column][vc_empty_space height=\u00bb50px\u00bb][\/vc_column][vc_column][vc_empty_space][vc_empty_space][vc_separator color=\u00bbblack\u00bb border_width=\u00bb3&#8243; css=\u00bb\u00bb][\/vc_column][\/vc_row][vc_row][vc_column width=\u00bb1\/2&#8243;][vc_empty_space height=\u00bb20px\u00bb][vc_column_text css=\u00bb\u00bb] Ser en el a\u00f1o 2032, un Ministerio resiliente, profesional, transparente y tecnol\u00f3gico, comprometido con la seguridad democr\u00e1tica y la paz en Guatemala. Ser reconocido por la poblaci\u00f3n como una entidad honesta, confiable y cercana. [\/vc_column_text][\/vc_column][vc_column width=\u00bb1\/2&#8243;][vc_empty_space height=\u00bb20px\u00bb][vc_column_text css=\u00bb\u00bb] Nuestra misi\u00f3n es contribuir a la gobernabilidad, salvaguardar la&hellip;<\/p>\n","protected":false},"author":7,"featured_media":0,"parent":0,"menu_order":10,"comment_status":"closed","ping_status":"closed","template":"","meta":{"footnotes":""},"class_list":["post-5771","page","type-page","status-publish","hentry","description-off"],"jetpack_sharing_enabled":true,"_links":{"self":[{"href":"https:\/\/unmgp.gob.gt\/es\/wp-json\/wp\/v2\/pages\/5771","targetHints":{"allow":["GET"]}}],"collection":[{"href":"https:\/\/unmgp.gob.gt\/es\/wp-json\/wp\/v2\/pages"}],"about":[{"href":"https:\/\/unmgp.gob.gt\/es\/wp-json\/wp\/v2\/types\/page"}],"author":[{"embeddable":true,"href":"https:\/\/unmgp.gob.gt\/es\/wp-json\/wp\/v2\/users\/7"}],"replies":[{"embeddable":true,"href":"https:\/\/unmgp.gob.gt\/es\/wp-json\/wp\/v2\/comments?post=5771"}],"version-history":[{"count":55,"href":"https:\/\/unmgp.gob.gt\/es\/wp-json\/wp\/v2\/pages\/5771\/revisions"}],"predecessor-version":[{"id":6640,"href":"https:\/\/unmgp.gob.gt\/es\/wp-json\/wp\/v2\/pages\/5771\/revisions\/6640"}],"wp:attachment":[{"href":"https:\/\/unmgp.gob.gt\/es\/wp-json\/wp\/v2\/media?parent=5771"}],"curies":[{"name":"wp","href":"https:\/\/api.w.org\/{rel}","templated":true}]}}